{"id":91,"date":"2024-05-27T11:18:59","date_gmt":"2024-05-27T11:18:59","guid":{"rendered":"https:\/\/egn-nino-erforschen.de\/?page_id=91"},"modified":"2024-10-01T12:54:28","modified_gmt":"2024-10-01T12:54:28","slug":"zeitzeugen","status":"publish","type":"page","link":"https:\/\/egn-nino-erforschen.de\/?page_id=91","title":{"rendered":"Zeitzeug*innen"},"content":{"rendered":"\n<div class=\"wp-block-cover alignfull wp-duotone-foreground-and-background\" style=\"margin-top:0;padding-top:48px;padding-right:48px;padding-bottom:48px;padding-left:48px;min-height:66vh;aspect-ratio:unset;\"><span aria-hidden=\"true\" class=\"wp-block-cover__background has-background-dim-30 has-background-dim\" style=\"background-color:#6f6255\"><\/span><img loading=\"lazy\" decoding=\"async\" width=\"1696\" height=\"810\" class=\"wp-block-cover__image-background wp-image-103\" alt=\"\" src=\"https:\/\/egn-nino-erforschen.de\/wp-content\/uploads\/2024\/05\/IMG_4010-1.jpeg\" data-object-fit=\"cover\" srcset=\"https:\/\/egn-nino-erforschen.de\/wp-content\/uploads\/2024\/05\/IMG_4010-1.jpeg 1696w, https:\/\/egn-nino-erforschen.de\/wp-content\/uploads\/2024\/05\/IMG_4010-1-300x143.jpeg 300w, https:\/\/egn-nino-erforschen.de\/wp-content\/uploads\/2024\/05\/IMG_4010-1-1024x489.jpeg 1024w, https:\/\/egn-nino-erforschen.de\/wp-content\/uploads\/2024\/05\/IMG_4010-1-768x367.jpeg 768w, https:\/\/egn-nino-erforschen.de\/wp-content\/uploads\/2024\/05\/IMG_4010-1-1536x734.jpeg 1536w\" sizes=\"auto, (max-width: 1696px) 100vw, 1696px\" \/><div class=\"wp-block-cover__inner-container is-layout-flow wp-block-cover-is-layout-flow\">\n<div style=\"height:72px\" aria-hidden=\"true\" class=\"wp-block-spacer\"><\/div>\n\n\n\n<h2 class=\"wp-block-heading has-text-align-center has-white-color has-text-color\" style=\"font-size:100px;font-style:normal;font-weight:700;letter-spacing:0px;line-height:1;text-transform:uppercase\">zeitzeug*innen<\/h2>\n<\/div><\/div>\n\n\n\n<hr class=\"wp-block-separator has-alpha-channel-opacity is-style-wide\"\/>\n\n\n\n<p class=\"has-text-align-left\"><strong>Grund<\/strong>: <\/p>\n\n\n\n<ul class=\"wp-block-list\">\n<li>Sammlung f\u00fcr wissenschaftliche Arbeiten <\/li>\n\n\n\n<li>direkte Quellen <\/li>\n\n\n\n<li>Stadtgeschichte nachvollziehen <\/li>\n\n\n\n<li>Darstellung des Arbeiterlebens<\/li>\n\n\n\n<li>Zeitzeugen werden immer weniger <\/li>\n<\/ul>\n\n\n\n<hr class=\"wp-block-separator has-alpha-channel-opacity is-style-wide\"\/>\n\n\n\n<p><strong>Durchf\u00fchrung<\/strong>: <\/p>\n\n\n\n<ul class=\"wp-block-list\">\n<li>Interviews mit Menschen aus verschiedenen T\u00e4tigkeitsfeldern <\/li>\n\n\n\n<li>Leitfaden: Fragen \u00fcber die Atmosph\u00e4re, Verh\u00e4ltnisse, Arbeitsplatz, T\u00e4tigkeit usw. <\/li>\n<\/ul>\n\n\n\n<hr class=\"wp-block-separator has-alpha-channel-opacity is-style-wide\"\/>\n\n\n\n<p class=\"has-text-align-left\"><strong>Ergebnis<\/strong>:<\/p>\n\n\n\n<ul class=\"wp-block-list\">\n<li>gutes Klima am Arbeitsplatz<\/li>\n\n\n\n<li>Gemeinschaft steht im Vordergrund<\/li>\n\n\n\n<li>akzeptables Einkommen <\/li>\n\n\n\n<li>Anekdoten (durchaus positive Erinnerungen)<\/li>\n\n\n\n<li>herausfordernder Alltag <\/li>\n<\/ul>\n\n\n\n<hr class=\"wp-block-separator has-alpha-channel-opacity is-style-wide\"\/>\n\n\n\n<ul class=\"wp-block-social-links has-icon-color has-icon-background-color is-content-justification-center is-layout-flex wp-container-core-social-links-is-layout-a89b3969 wp-block-social-links-is-layout-flex\"><li style=\"color:var(--wp--preset--color--foreground);background-color:var(--wp--preset--color--background);\" class=\"wp-social-link wp-social-link-youtube has-foreground-color has-background-background-color wp-block-social-link\"><a href=\"https:\/\/www.youtube.com\/channel\/UCBwLSNzgx7Y433NWQNjqdgg\/channels\" class=\"wp-block-social-link-anchor\"><svg width=\"24\" height=\"24\" viewBox=\"0 0 24 24\" version=\"1.1\" xmlns=\"http:\/\/www.w3.org\/2000\/svg\" aria-hidden=\"true\" focusable=\"false\"><path d=\"M21.8,8.001c0,0-0.195-1.378-0.795-1.985c-0.76-0.797-1.613-0.801-2.004-0.847c-2.799-0.202-6.997-0.202-6.997-0.202 h-0.009c0,0-4.198,0-6.997,0.202C4.608,5.216,3.756,5.22,2.995,6.016C2.395,6.623,2.2,8.001,2.2,8.001S2,9.62,2,11.238v1.517 c0,1.618,0.2,3.237,0.2,3.237s0.195,1.378,0.795,1.985c0.761,0.797,1.76,0.771,2.205,0.855c1.6,0.153,6.8,0.201,6.8,0.201 s4.203-0.006,7.001-0.209c0.391-0.047,1.243-0.051,2.004-0.847c0.6-0.607,0.795-1.985,0.795-1.985s0.2-1.618,0.2-3.237v-1.517 C22,9.62,21.8,8.001,21.8,8.001z M9.935,14.594l-0.001-5.62l5.404,2.82L9.935,14.594z\"><\/path><\/svg><span class=\"wp-block-social-link-label screen-reader-text\">YouTube<\/span><\/a><\/li><\/ul>\n\n\n\n<p class=\"has-text-align-center\">Link zu den Interviews<\/p>\n","protected":false},"excerpt":{"rendered":"<p>Grund: Durchf\u00fchrung: Ergebnis: Link zu den Interviews<\/p>\n","protected":false},"author":2,"featured_media":0,"parent":0,"menu_order":0,"comment_status":"closed","ping_status":"closed","template":"page-no-separators","meta":{"footnotes":""},"class_list":["post-91","page","type-page","status-publish","hentry"],"_links":{"self":[{"href":"https:\/\/egn-nino-erforschen.de\/index.php?rest_route=\/wp\/v2\/pages\/91","targetHints":{"allow":["GET"]}}],"collection":[{"href":"https:\/\/egn-nino-erforschen.de\/index.php?rest_route=\/wp\/v2\/pages"}],"about":[{"href":"https:\/\/egn-nino-erforschen.de\/index.php?rest_route=\/wp\/v2\/types\/page"}],"author":[{"embeddable":true,"href":"https:\/\/egn-nino-erforschen.de\/index.php?rest_route=\/wp\/v2\/users\/2"}],"replies":[{"embeddable":true,"href":"https:\/\/egn-nino-erforschen.de\/index.php?rest_route=%2Fwp%2Fv2%2Fcomments&post=91"}],"version-history":[{"count":16,"href":"https:\/\/egn-nino-erforschen.de\/index.php?rest_route=\/wp\/v2\/pages\/91\/revisions"}],"predecessor-version":[{"id":273,"href":"https:\/\/egn-nino-erforschen.de\/index.php?rest_route=\/wp\/v2\/pages\/91\/revisions\/273"}],"wp:attachment":[{"href":"https:\/\/egn-nino-erforschen.de\/index.php?rest_route=%2Fwp%2Fv2%2Fmedia&parent=91"}],"curies":[{"name":"wp","href":"https:\/\/api.w.org\/{rel}","templated":true}]}}