{"id":75,"date":"2024-05-27T10:41:33","date_gmt":"2024-05-27T10:41:33","guid":{"rendered":"https:\/\/egn-nino-erforschen.de\/?page_id=75"},"modified":"2024-10-03T10:47:24","modified_gmt":"2024-10-03T10:47:24","slug":"modell","status":"publish","type":"page","link":"https:\/\/egn-nino-erforschen.de\/?page_id=75","title":{"rendered":"Modelle"},"content":{"rendered":"\n<div class=\"wp-block-cover alignfull is-light wp-duotone-acacac-ffffff-1\" style=\"margin-top:0;padding-top:48px;padding-right:48px;padding-bottom:48px;padding-left:48px;min-height:66vh;aspect-ratio:unset;\"><span aria-hidden=\"true\" class=\"wp-block-cover__background has-cyan-bluish-gray-background-color has-background-dim-30 has-background-dim\"><\/span><img loading=\"lazy\" decoding=\"async\" width=\"1830\" height=\"912\" class=\"wp-block-cover__image-background wp-image-86\" alt=\"\" src=\"https:\/\/egn-nino-erforschen.de\/wp-content\/uploads\/2024\/05\/IMG_4009.jpeg\" data-object-fit=\"cover\" srcset=\"https:\/\/egn-nino-erforschen.de\/wp-content\/uploads\/2024\/05\/IMG_4009.jpeg 1830w, https:\/\/egn-nino-erforschen.de\/wp-content\/uploads\/2024\/05\/IMG_4009-300x150.jpeg 300w, https:\/\/egn-nino-erforschen.de\/wp-content\/uploads\/2024\/05\/IMG_4009-1024x510.jpeg 1024w, https:\/\/egn-nino-erforschen.de\/wp-content\/uploads\/2024\/05\/IMG_4009-768x383.jpeg 768w, https:\/\/egn-nino-erforschen.de\/wp-content\/uploads\/2024\/05\/IMG_4009-1536x765.jpeg 1536w\" sizes=\"auto, (max-width: 1830px) 100vw, 1830px\" \/><div class=\"wp-block-cover__inner-container is-layout-flow wp-block-cover-is-layout-flow\">\n<div class=\"wp-block-group is-content-justification-left is-layout-constrained wp-container-core-group-is-layout-0b562c1c wp-block-group-is-layout-constrained\">\n<h2 class=\"wp-block-heading alignfull has-text-align-center has-white-color has-text-color\" style=\"font-size:100px;font-style:normal;font-weight:700;letter-spacing:0px;line-height:1;text-transform:uppercase\">Modelle<\/h2>\n<\/div>\n<\/div><\/div>\n\n\n\n<div class=\"wp-block-cover is-light\" style=\"min-height:50px;aspect-ratio:unset;\"><span aria-hidden=\"true\" class=\"wp-block-cover__background has-tertiary-background-color has-background-dim-100 has-background-dim\"><\/span><div class=\"wp-block-cover__inner-container is-layout-constrained wp-block-cover-is-layout-constrained\">\n<h4 class=\"wp-block-heading has-text-align-center\">Der Ablauf: <\/h4>\n<\/div><\/div>\n\n\n\n<div class=\"wp-block-media-text is-stacked-on-mobile\"><figure class=\"wp-block-media-text__media\"><img loading=\"lazy\" decoding=\"async\" width=\"1024\" height=\"683\" src=\"https:\/\/egn-nino-erforschen.de\/wp-content\/uploads\/2024\/10\/Plan-1024x683.jpeg\" alt=\"\" class=\"wp-image-250 size-full\" srcset=\"https:\/\/egn-nino-erforschen.de\/wp-content\/uploads\/2024\/10\/Plan-1024x683.jpeg 1024w, https:\/\/egn-nino-erforschen.de\/wp-content\/uploads\/2024\/10\/Plan-300x200.jpeg 300w, https:\/\/egn-nino-erforschen.de\/wp-content\/uploads\/2024\/10\/Plan-768x512.jpeg 768w, https:\/\/egn-nino-erforschen.de\/wp-content\/uploads\/2024\/10\/Plan-1536x1024.jpeg 1536w, https:\/\/egn-nino-erforschen.de\/wp-content\/uploads\/2024\/10\/Plan-2048x1365.jpeg 2048w\" sizes=\"auto, (max-width: 1024px) 100vw, 1024px\" \/><\/figure><div class=\"wp-block-media-text__content\">\n<p>Ma\u00dfe aus Baupl\u00e4nen herausfinden und berechnen<\/p>\n<\/div><\/div>\n\n\n\n<hr class=\"wp-block-separator has-alpha-channel-opacity is-style-wide\"\/>\n\n\n\n<div class=\"wp-block-media-text is-stacked-on-mobile\"><figure class=\"wp-block-media-text__media\"><img loading=\"lazy\" decoding=\"async\" width=\"1024\" height=\"907\" src=\"https:\/\/egn-nino-erforschen.de\/wp-content\/uploads\/2024\/05\/IMG_4008-1024x907.jpeg\" alt=\"\" class=\"wp-image-83 size-full\" srcset=\"https:\/\/egn-nino-erforschen.de\/wp-content\/uploads\/2024\/05\/IMG_4008-1024x907.jpeg 1024w, https:\/\/egn-nino-erforschen.de\/wp-content\/uploads\/2024\/05\/IMG_4008-300x266.jpeg 300w, https:\/\/egn-nino-erforschen.de\/wp-content\/uploads\/2024\/05\/IMG_4008-768x680.jpeg 768w, https:\/\/egn-nino-erforschen.de\/wp-content\/uploads\/2024\/05\/IMG_4008.jpeg 1365w\" sizes=\"auto, (max-width: 1024px) 100vw, 1024px\" \/><\/figure><div class=\"wp-block-media-text__content\">\n<p>Geb\u00e4ude in der App Tinkercad modellieren<\/p>\n<\/div><\/div>\n\n\n\n<hr class=\"wp-block-separator has-alpha-channel-opacity is-style-wide\"\/>\n\n\n\n<div class=\"wp-block-media-text is-stacked-on-mobile\"><figure class=\"wp-block-media-text__media\"><img loading=\"lazy\" decoding=\"async\" width=\"1024\" height=\"674\" src=\"https:\/\/egn-nino-erforschen.de\/wp-content\/uploads\/2024\/10\/Druckprozess-1024x674.jpeg\" alt=\"\" class=\"wp-image-243 size-full\" srcset=\"https:\/\/egn-nino-erforschen.de\/wp-content\/uploads\/2024\/10\/Druckprozess-1024x674.jpeg 1024w, https:\/\/egn-nino-erforschen.de\/wp-content\/uploads\/2024\/10\/Druckprozess-300x198.jpeg 300w, https:\/\/egn-nino-erforschen.de\/wp-content\/uploads\/2024\/10\/Druckprozess-768x506.jpeg 768w, https:\/\/egn-nino-erforschen.de\/wp-content\/uploads\/2024\/10\/Druckprozess-1536x1012.jpeg 1536w, https:\/\/egn-nino-erforschen.de\/wp-content\/uploads\/2024\/10\/Druckprozess-2048x1349.jpeg 2048w\" sizes=\"auto, (max-width: 1024px) 100vw, 1024px\" \/><\/figure><div class=\"wp-block-media-text__content\">\n<p>Der Druckprozess<\/p>\n<\/div><\/div>\n\n\n\n<hr class=\"wp-block-separator has-alpha-channel-opacity is-style-wide\"\/>\n\n\n\n<div class=\"wp-block-media-text is-stacked-on-mobile\"><figure class=\"wp-block-media-text__media\"><img loading=\"lazy\" decoding=\"async\" width=\"1024\" height=\"683\" src=\"https:\/\/egn-nino-erforschen.de\/wp-content\/uploads\/2024\/10\/schmiergeln-1024x683.jpeg\" alt=\"\" class=\"wp-image-240 size-full\" srcset=\"https:\/\/egn-nino-erforschen.de\/wp-content\/uploads\/2024\/10\/schmiergeln-1024x683.jpeg 1024w, https:\/\/egn-nino-erforschen.de\/wp-content\/uploads\/2024\/10\/schmiergeln-300x200.jpeg 300w, https:\/\/egn-nino-erforschen.de\/wp-content\/uploads\/2024\/10\/schmiergeln-768x512.jpeg 768w, https:\/\/egn-nino-erforschen.de\/wp-content\/uploads\/2024\/10\/schmiergeln-1536x1024.jpeg 1536w, https:\/\/egn-nino-erforschen.de\/wp-content\/uploads\/2024\/10\/schmiergeln-2048x1365.jpeg 2048w\" sizes=\"auto, (max-width: 1024px) 100vw, 1024px\" \/><\/figure><div class=\"wp-block-media-text__content\">\n<p>Modelle schmirgeln<\/p>\n<\/div><\/div>\n\n\n\n<hr class=\"wp-block-separator has-alpha-channel-opacity is-style-wide\"\/>\n\n\n\n<div class=\"wp-block-media-text is-stacked-on-mobile\"><figure class=\"wp-block-media-text__media\"><img loading=\"lazy\" decoding=\"async\" width=\"1024\" height=\"683\" src=\"https:\/\/egn-nino-erforschen.de\/wp-content\/uploads\/2024\/10\/Kleben-1024x683.jpeg\" alt=\"\" class=\"wp-image-241 size-full\" srcset=\"https:\/\/egn-nino-erforschen.de\/wp-content\/uploads\/2024\/10\/Kleben-1024x683.jpeg 1024w, https:\/\/egn-nino-erforschen.de\/wp-content\/uploads\/2024\/10\/Kleben-300x200.jpeg 300w, https:\/\/egn-nino-erforschen.de\/wp-content\/uploads\/2024\/10\/Kleben-768x512.jpeg 768w, https:\/\/egn-nino-erforschen.de\/wp-content\/uploads\/2024\/10\/Kleben-1536x1024.jpeg 1536w, https:\/\/egn-nino-erforschen.de\/wp-content\/uploads\/2024\/10\/Kleben-2048x1365.jpeg 2048w\" sizes=\"auto, (max-width: 1024px) 100vw, 1024px\" \/><\/figure><div class=\"wp-block-media-text__content\">\n<p>Einzelne Drucke des Modells zusammenkleben<\/p>\n<\/div><\/div>\n\n\n\n<hr class=\"wp-block-separator has-alpha-channel-opacity is-style-wide\"\/>\n\n\n\n<div class=\"wp-block-media-text is-stacked-on-mobile\"><figure class=\"wp-block-media-text__media\"><img loading=\"lazy\" decoding=\"async\" width=\"1024\" height=\"683\" src=\"https:\/\/egn-nino-erforschen.de\/wp-content\/uploads\/2024\/10\/Spruehen-1024x683.jpeg\" alt=\"\" class=\"wp-image-242 size-full\" srcset=\"https:\/\/egn-nino-erforschen.de\/wp-content\/uploads\/2024\/10\/Spruehen-1024x683.jpeg 1024w, https:\/\/egn-nino-erforschen.de\/wp-content\/uploads\/2024\/10\/Spruehen-300x200.jpeg 300w, https:\/\/egn-nino-erforschen.de\/wp-content\/uploads\/2024\/10\/Spruehen-768x512.jpeg 768w, https:\/\/egn-nino-erforschen.de\/wp-content\/uploads\/2024\/10\/Spruehen-1536x1024.jpeg 1536w, https:\/\/egn-nino-erforschen.de\/wp-content\/uploads\/2024\/10\/Spruehen-2048x1365.jpeg 2048w\" sizes=\"auto, (max-width: 1024px) 100vw, 1024px\" \/><\/figure><div class=\"wp-block-media-text__content\">\n<p>Modelle einheitlich anspr\u00fchen<\/p>\n<\/div><\/div>\n\n\n\n<hr class=\"wp-block-separator has-alpha-channel-opacity is-style-wide\"\/>\n\n\n\n<div class=\"wp-block-media-text is-stacked-on-mobile\"><figure class=\"wp-block-media-text__media\"><img loading=\"lazy\" decoding=\"async\" width=\"1024\" height=\"683\" src=\"https:\/\/egn-nino-erforschen.de\/wp-content\/uploads\/2024\/10\/Gebaeude-auslegen-1024x683.jpeg\" alt=\"\" class=\"wp-image-245 size-full\" srcset=\"https:\/\/egn-nino-erforschen.de\/wp-content\/uploads\/2024\/10\/Gebaeude-auslegen-1024x683.jpeg 1024w, https:\/\/egn-nino-erforschen.de\/wp-content\/uploads\/2024\/10\/Gebaeude-auslegen-300x200.jpeg 300w, https:\/\/egn-nino-erforschen.de\/wp-content\/uploads\/2024\/10\/Gebaeude-auslegen-768x512.jpeg 768w, https:\/\/egn-nino-erforschen.de\/wp-content\/uploads\/2024\/10\/Gebaeude-auslegen-1536x1024.jpeg 1536w, https:\/\/egn-nino-erforschen.de\/wp-content\/uploads\/2024\/10\/Gebaeude-auslegen-2048x1365.jpeg 2048w\" sizes=\"auto, (max-width: 1024px) 100vw, 1024px\" \/><\/figure><div class=\"wp-block-media-text__content\">\n<p>Geb\u00e4ude auf der Platte auslegen<\/p>\n<\/div><\/div>\n\n\n\n<hr class=\"wp-block-separator has-alpha-channel-opacity is-style-wide\"\/>\n\n\n\n<div class=\"wp-block-cover is-light\" style=\"min-height:50px;aspect-ratio:unset;\"><span aria-hidden=\"true\" class=\"wp-block-cover__background has-tertiary-background-color has-background-dim-100 has-background-dim\"><\/span><div class=\"wp-block-cover__inner-container is-layout-constrained wp-block-cover-is-layout-constrained\">\n<h4 class=\"wp-block-heading has-text-align-center\">Das Gel\u00e4nde:<\/h4>\n<\/div><\/div>\n\n\n\n<div class=\"wp-block-cover alignfull is-light\"><span aria-hidden=\"true\" class=\"wp-block-cover__background has-background-dim-100 has-background-dim\" style=\"background-color:#ffffff\"><\/span><div class=\"wp-block-cover__inner-container is-layout-flow wp-block-cover-is-layout-flow\">\n<div class=\"wp-block-media-text alignwide is-stacked-on-mobile is-image-fill\"><figure class=\"wp-block-media-text__media\" style=\"background-image:url(https:\/\/egn-nino-erforschen.de\/wp-content\/uploads\/2024\/05\/IMG_4009-1-1024x510.jpeg);background-position:50% 50%\"><img loading=\"lazy\" decoding=\"async\" width=\"1024\" height=\"510\" src=\"https:\/\/egn-nino-erforschen.de\/wp-content\/uploads\/2024\/05\/IMG_4009-1-1024x510.jpeg\" alt=\"\" class=\"wp-image-100 size-full\" srcset=\"https:\/\/egn-nino-erforschen.de\/wp-content\/uploads\/2024\/05\/IMG_4009-1-1024x510.jpeg 1024w, https:\/\/egn-nino-erforschen.de\/wp-content\/uploads\/2024\/05\/IMG_4009-1-300x150.jpeg 300w, https:\/\/egn-nino-erforschen.de\/wp-content\/uploads\/2024\/05\/IMG_4009-1-768x383.jpeg 768w, https:\/\/egn-nino-erforschen.de\/wp-content\/uploads\/2024\/05\/IMG_4009-1-1536x765.jpeg 1536w, https:\/\/egn-nino-erforschen.de\/wp-content\/uploads\/2024\/05\/IMG_4009-1.jpeg 1830w\" sizes=\"auto, (max-width: 1024px) 100vw, 1024px\" \/><\/figure><div class=\"wp-block-media-text__content\">\n<div class=\"wp-block-buttons is-layout-flex wp-block-buttons-is-layout-flex\">\n<div class=\"wp-block-button is-style-outline is-style-outline--2\"><a class=\"wp-block-button__link wp-element-button\" href=\"https:\/\/egn-nino-erforschen.de\/?page_id=222\">Hochbau<\/a><\/div>\n\n\n\n<div class=\"wp-block-button is-style-outline is-style-outline--3\"><a class=\"wp-block-button__link wp-element-button\" href=\"https:\/\/egn-nino-erforschen.de\/?page_id=226\">Rohgewebelager<\/a><\/div>\n\n\n\n<div class=\"wp-block-button is-style-outline is-style-outline--4\"><a class=\"wp-block-button__link wp-element-button\" href=\"https:\/\/egn-nino-erforschen.de\/?page_id=224\">Kesselhaus<\/a><\/div>\n\n\n\n<div class=\"wp-block-button is-style-outline is-style-outline--5\"><a class=\"wp-block-button__link wp-element-button\" href=\"https:\/\/egn-nino-erforschen.de\/?page_id=228\">Alte Verwaltung<\/a><\/div>\n\n\n\n<div class=\"wp-block-button is-style-outline is-style-outline--6\"><a class=\"wp-block-button__link wp-element-button\" href=\"https:\/\/egn-nino-erforschen.de\/?page_id=230\">Pf\u00f6rtnerhaus<\/a><\/div>\n\n\n\n<div class=\"wp-block-button is-style-outline is-style-outline--7\"><a class=\"wp-block-button__link wp-element-button\" href=\"https:\/\/egn-nino-erforschen.de\/?page_id=232\">Musterzimmer<\/a><\/div>\n\n\n\n<div class=\"wp-block-button is-style-outline is-style-outline--8\"><a class=\"wp-block-button__link wp-element-button\" href=\"https:\/\/egn-nino-erforschen.de\/?page_id=234\">Shedd\u00e4cher<\/a><\/div>\n\n\n\n<div class=\"wp-block-button is-style-outline is-style-outline--9\"><a class=\"wp-block-button__link wp-element-button\" href=\"https:\/\/egn-nino-erforschen.de\/?page_id=236\">Fassaden<\/a><\/div>\n<\/div>\n<\/div><\/div>\n<\/div><\/div>\n\n\n\n<p class=\"has-text-align-center\"><\/p>\n\n\n\n<p><\/p>\n\n\n\n<p><\/p>\n","protected":false},"excerpt":{"rendered":"<p>Ma\u00dfe aus Baupl\u00e4nen herausfinden und berechnen Geb\u00e4ude in der App Tinkercad modellieren Der Druckprozess Modelle schmirgeln Einzelne Drucke des Modells zusammenkleben Modelle einheitlich anspr\u00fchen Geb\u00e4ude auf der Platte auslegen<\/p>\n","protected":false},"author":2,"featured_media":0,"parent":0,"menu_order":0,"comment_status":"closed","ping_status":"closed","template":"page-no-separators","meta":{"footnotes":""},"class_list":["post-75","page","type-page","status-publish","hentry"],"_links":{"self":[{"href":"https:\/\/egn-nino-erforschen.de\/index.php?rest_route=\/wp\/v2\/pages\/75","targetHints":{"allow":["GET"]}}],"collection":[{"href":"https:\/\/egn-nino-erforschen.de\/index.php?rest_route=\/wp\/v2\/pages"}],"about":[{"href":"https:\/\/egn-nino-erforschen.de\/index.php?rest_route=\/wp\/v2\/types\/page"}],"author":[{"embeddable":true,"href":"https:\/\/egn-nino-erforschen.de\/index.php?rest_route=\/wp\/v2\/users\/2"}],"replies":[{"embeddable":true,"href":"https:\/\/egn-nino-erforschen.de\/index.php?rest_route=%2Fwp%2Fv2%2Fcomments&post=75"}],"version-history":[{"count":14,"href":"https:\/\/egn-nino-erforschen.de\/index.php?rest_route=\/wp\/v2\/pages\/75\/revisions"}],"predecessor-version":[{"id":321,"href":"https:\/\/egn-nino-erforschen.de\/index.php?rest_route=\/wp\/v2\/pages\/75\/revisions\/321"}],"wp:attachment":[{"href":"https:\/\/egn-nino-erforschen.de\/index.php?rest_route=%2Fwp%2Fv2%2Fmedia&parent=75"}],"curies":[{"name":"wp","href":"https:\/\/api.w.org\/{rel}","templated":true}]}}