{"id":383,"date":"2025-01-20T09:11:39","date_gmt":"2025-01-20T09:11:39","guid":{"rendered":"https:\/\/egn-nino-erforschen.de\/?page_id=383"},"modified":"2025-01-22T07:59:58","modified_gmt":"2025-01-22T07:59:58","slug":"ueber-uns","status":"publish","type":"page","link":"https:\/\/egn-nino-erforschen.de\/?page_id=383","title":{"rendered":"\u00dcber uns"},"content":{"rendered":"\n<div class=\"wp-block-cover alignfull has-custom-content-position is-position-top-center wp-duotone-foreground-and-background\" style=\"margin-top:0;padding-top:48px;padding-right:48px;padding-bottom:48px;padding-left:48px;min-height:499px;aspect-ratio:unset;\"><span aria-hidden=\"true\" class=\"wp-block-cover__background has-background-dim-30 has-background-dim\" style=\"background-color:#7d635a\"><\/span><img loading=\"lazy\" decoding=\"async\" width=\"1155\" height=\"368\" class=\"wp-block-cover__image-background wp-image-409\" alt=\"\" src=\"https:\/\/egn-nino-erforschen.de\/wp-content\/uploads\/2025\/01\/2f3l3jp4.png\" data-object-fit=\"cover\" srcset=\"https:\/\/egn-nino-erforschen.de\/wp-content\/uploads\/2025\/01\/2f3l3jp4.png 1155w, https:\/\/egn-nino-erforschen.de\/wp-content\/uploads\/2025\/01\/2f3l3jp4-300x96.png 300w, https:\/\/egn-nino-erforschen.de\/wp-content\/uploads\/2025\/01\/2f3l3jp4-1024x326.png 1024w, https:\/\/egn-nino-erforschen.de\/wp-content\/uploads\/2025\/01\/2f3l3jp4-768x245.png 768w\" sizes=\"auto, (max-width: 1155px) 100vw, 1155px\" \/><div class=\"wp-block-cover__inner-container is-layout-flow wp-block-cover-is-layout-flow\">\n<h2 class=\"wp-block-heading has-text-align-center has-white-color has-text-color\" style=\"font-size:100px;font-style:normal;font-weight:700;letter-spacing:0px;line-height:1;text-transform:uppercase\">\u00fcber uns<\/h2>\n<\/div><\/div>\n\n\n\n<hr class=\"wp-block-separator has-alpha-channel-opacity is-style-wide\"\/>\n\n\n\n<div class=\"wp-block-media-text is-stacked-on-mobile has-medium-font-size\" style=\"padding-top:0;padding-bottom:0;grid-template-columns:35% auto\"><figure class=\"wp-block-media-text__media\"><img loading=\"lazy\" decoding=\"async\" width=\"761\" height=\"1024\" src=\"https:\/\/egn-nino-erforschen.de\/wp-content\/uploads\/2025\/01\/DSC05454-761x1024.jpeg\" alt=\"\" class=\"wp-image-414 size-full\" srcset=\"https:\/\/egn-nino-erforschen.de\/wp-content\/uploads\/2025\/01\/DSC05454-761x1024.jpeg 761w, https:\/\/egn-nino-erforschen.de\/wp-content\/uploads\/2025\/01\/DSC05454-223x300.jpeg 223w, https:\/\/egn-nino-erforschen.de\/wp-content\/uploads\/2025\/01\/DSC05454-768x1034.jpeg 768w, https:\/\/egn-nino-erforschen.de\/wp-content\/uploads\/2025\/01\/DSC05454-scaled.jpeg 1902w\" sizes=\"auto, (max-width: 761px) 100vw, 761px\" \/><\/figure><div class=\"wp-block-media-text__content\">\n<p class=\"has-text-align-center has-large-font-size\">Klaus Berkenheide<\/p>\n\n\n\n<p class=\"has-text-align-center has-medium-font-size\">Aufgaben: Technik, Wartung der Drucker, Realisierung der Eisenbahn, Videoschnitt<\/p>\n<\/div><\/div>\n\n\n\n<hr class=\"wp-block-separator has-alpha-channel-opacity is-style-wide\"\/>\n\n\n\n<div class=\"wp-block-media-text has-media-on-the-right is-stacked-on-mobile\" style=\"grid-template-columns:auto 35%\"><div class=\"wp-block-media-text__content\">\n<p class=\"has-text-align-center has-large-font-size\">Jonas Brink <\/p>\n\n\n\n<p class=\"has-text-align-center\">Aufgaben: Videoschnitt, Technik, Durchf\u00fchrung von Interviews <\/p>\n<\/div><figure class=\"wp-block-media-text__media\"><img loading=\"lazy\" decoding=\"async\" width=\"683\" height=\"1024\" src=\"https:\/\/egn-nino-erforschen.de\/wp-content\/uploads\/2024\/12\/DSC05256-683x1024.jpeg\" alt=\"\" class=\"wp-image-385 size-full\" srcset=\"https:\/\/egn-nino-erforschen.de\/wp-content\/uploads\/2024\/12\/DSC05256-683x1024.jpeg 683w, https:\/\/egn-nino-erforschen.de\/wp-content\/uploads\/2024\/12\/DSC05256-200x300.jpeg 200w, https:\/\/egn-nino-erforschen.de\/wp-content\/uploads\/2024\/12\/DSC05256-768x1152.jpeg 768w, https:\/\/egn-nino-erforschen.de\/wp-content\/uploads\/2024\/12\/DSC05256-1024x1536.jpeg 1024w, https:\/\/egn-nino-erforschen.de\/wp-content\/uploads\/2024\/12\/DSC05256-1365x2048.jpeg 1365w, https:\/\/egn-nino-erforschen.de\/wp-content\/uploads\/2024\/12\/DSC05256-scaled.jpeg 1707w\" sizes=\"auto, (max-width: 683px) 100vw, 683px\" \/><\/figure><\/div>\n\n\n\n<hr class=\"wp-block-separator has-alpha-channel-opacity is-style-wide\"\/>\n\n\n\n<div class=\"wp-block-media-text is-stacked-on-mobile\" style=\"grid-template-columns:35% auto\"><figure class=\"wp-block-media-text__media\"><img loading=\"lazy\" decoding=\"async\" width=\"683\" height=\"1024\" src=\"https:\/\/egn-nino-erforschen.de\/wp-content\/uploads\/2024\/12\/DSC05235-683x1024.jpeg\" alt=\"\" class=\"wp-image-386 size-full\" srcset=\"https:\/\/egn-nino-erforschen.de\/wp-content\/uploads\/2024\/12\/DSC05235-683x1024.jpeg 683w, https:\/\/egn-nino-erforschen.de\/wp-content\/uploads\/2024\/12\/DSC05235-200x300.jpeg 200w, https:\/\/egn-nino-erforschen.de\/wp-content\/uploads\/2024\/12\/DSC05235-768x1152.jpeg 768w, https:\/\/egn-nino-erforschen.de\/wp-content\/uploads\/2024\/12\/DSC05235-1024x1536.jpeg 1024w, https:\/\/egn-nino-erforschen.de\/wp-content\/uploads\/2024\/12\/DSC05235-1365x2048.jpeg 1365w, https:\/\/egn-nino-erforschen.de\/wp-content\/uploads\/2024\/12\/DSC05235-scaled.jpeg 1707w\" sizes=\"auto, (max-width: 683px) 100vw, 683px\" \/><\/figure><div class=\"wp-block-media-text__content\">\n<p class=\"has-text-align-center has-large-font-size\">Mena Friebe<\/p>\n\n\n\n<p class=\"has-text-align-center\">Aufgaben: Modellierung der Alten Verwaltung, des Rohgewebelagers, des Kesselhauses und der Fassaden, Planung der Dokumentation, Videoschnitt, Durchf\u00fchrung von Interviews<\/p>\n<\/div><\/div>\n\n\n\n<hr class=\"wp-block-separator has-alpha-channel-opacity is-style-wide\"\/>\n\n\n\n<div class=\"wp-block-media-text has-media-on-the-right is-stacked-on-mobile\" style=\"grid-template-columns:auto 35%\"><div class=\"wp-block-media-text__content\">\n<p class=\"has-text-align-center has-large-font-size\">Emma Holboer <\/p>\n\n\n\n<p class=\"has-text-align-center\">Aufgaben: Modellierung des Hochbaus, der Alten Verwaltung, des Rohgewebelagers, des Kesselhauses und der Shedd\u00e4cher,  Durchf\u00fchrung von Interviews  <\/p>\n<\/div><figure class=\"wp-block-media-text__media\"><img loading=\"lazy\" decoding=\"async\" width=\"683\" height=\"1024\" src=\"https:\/\/egn-nino-erforschen.de\/wp-content\/uploads\/2024\/12\/DSC05273-2-683x1024.jpeg\" alt=\"\" class=\"wp-image-393 size-full\" srcset=\"https:\/\/egn-nino-erforschen.de\/wp-content\/uploads\/2024\/12\/DSC05273-2-683x1024.jpeg 683w, https:\/\/egn-nino-erforschen.de\/wp-content\/uploads\/2024\/12\/DSC05273-2-200x300.jpeg 200w, https:\/\/egn-nino-erforschen.de\/wp-content\/uploads\/2024\/12\/DSC05273-2-768x1152.jpeg 768w, https:\/\/egn-nino-erforschen.de\/wp-content\/uploads\/2024\/12\/DSC05273-2-1024x1536.jpeg 1024w, https:\/\/egn-nino-erforschen.de\/wp-content\/uploads\/2024\/12\/DSC05273-2-1365x2048.jpeg 1365w, https:\/\/egn-nino-erforschen.de\/wp-content\/uploads\/2024\/12\/DSC05273-2-scaled.jpeg 1707w\" sizes=\"auto, (max-width: 683px) 100vw, 683px\" \/><\/figure><\/div>\n\n\n\n<hr class=\"wp-block-separator has-alpha-channel-opacity is-style-wide\"\/>\n\n\n\n<div class=\"wp-block-media-text is-stacked-on-mobile\" style=\"grid-template-columns:35% auto\"><figure class=\"wp-block-media-text__media\"><img loading=\"lazy\" decoding=\"async\" width=\"741\" height=\"1024\" src=\"https:\/\/egn-nino-erforschen.de\/wp-content\/uploads\/2024\/12\/DSC05284-1-741x1024.jpeg\" alt=\"\" class=\"wp-image-394 size-full\" srcset=\"https:\/\/egn-nino-erforschen.de\/wp-content\/uploads\/2024\/12\/DSC05284-1-741x1024.jpeg 741w, https:\/\/egn-nino-erforschen.de\/wp-content\/uploads\/2024\/12\/DSC05284-1-217x300.jpeg 217w, https:\/\/egn-nino-erforschen.de\/wp-content\/uploads\/2024\/12\/DSC05284-1-768x1062.jpeg 768w, https:\/\/egn-nino-erforschen.de\/wp-content\/uploads\/2024\/12\/DSC05284-1-1111x1536.jpeg 1111w, https:\/\/egn-nino-erforschen.de\/wp-content\/uploads\/2024\/12\/DSC05284-1-1482x2048.jpeg 1482w, https:\/\/egn-nino-erforschen.de\/wp-content\/uploads\/2024\/12\/DSC05284-1-scaled.jpeg 1852w\" sizes=\"auto, (max-width: 741px) 100vw, 741px\" \/><\/figure><div class=\"wp-block-media-text__content\">\n<p class=\"has-text-align-center has-large-font-size\">Charlotte Lambers<\/p>\n\n\n\n<p class=\"has-text-align-center\">Aufgaben: Modellierung der Alten Verwaltung, der Shedd\u00e4cher, des Hochbaus, Videoschnitt, Durchf\u00fchrungen von Interviews <\/p>\n<\/div><\/div>\n\n\n\n<hr class=\"wp-block-separator has-alpha-channel-opacity is-style-wide\"\/>\n\n\n\n<div class=\"wp-block-media-text has-media-on-the-right is-stacked-on-mobile\" style=\"grid-template-columns:auto 35%\"><div class=\"wp-block-media-text__content\">\n<p class=\"has-text-align-center has-large-font-size\">Jonna Linow<\/p>\n\n\n\n<p class=\"has-text-align-center\">Aufgaben: Website, Online-Auftritt, Planung der Dokumentation, Design, Modellierung des Rohgewebelagers, Videoschnitt, Durchf\u00fchrung von Interviews <\/p>\n<\/div><figure class=\"wp-block-media-text__media\"><img loading=\"lazy\" decoding=\"async\" width=\"683\" height=\"1024\" src=\"https:\/\/egn-nino-erforschen.de\/wp-content\/uploads\/2024\/12\/DSC05252-2-683x1024.jpeg\" alt=\"\" class=\"wp-image-396 size-full\" srcset=\"https:\/\/egn-nino-erforschen.de\/wp-content\/uploads\/2024\/12\/DSC05252-2-683x1024.jpeg 683w, https:\/\/egn-nino-erforschen.de\/wp-content\/uploads\/2024\/12\/DSC05252-2-200x300.jpeg 200w, https:\/\/egn-nino-erforschen.de\/wp-content\/uploads\/2024\/12\/DSC05252-2-768x1152.jpeg 768w, https:\/\/egn-nino-erforschen.de\/wp-content\/uploads\/2024\/12\/DSC05252-2-1024x1536.jpeg 1024w, https:\/\/egn-nino-erforschen.de\/wp-content\/uploads\/2024\/12\/DSC05252-2-1365x2048.jpeg 1365w, https:\/\/egn-nino-erforschen.de\/wp-content\/uploads\/2024\/12\/DSC05252-2-scaled.jpeg 1707w\" sizes=\"auto, (max-width: 683px) 100vw, 683px\" \/><\/figure><\/div>\n\n\n\n<hr class=\"wp-block-separator has-alpha-channel-opacity is-style-wide\"\/>\n\n\n\n<div class=\"wp-block-media-text is-stacked-on-mobile\" style=\"grid-template-columns:35% auto\"><figure class=\"wp-block-media-text__media\"><img loading=\"lazy\" decoding=\"async\" width=\"678\" height=\"1024\" src=\"https:\/\/egn-nino-erforschen.de\/wp-content\/uploads\/2024\/12\/DSC05271-1-678x1024.jpeg\" alt=\"\" class=\"wp-image-398 size-full\" srcset=\"https:\/\/egn-nino-erforschen.de\/wp-content\/uploads\/2024\/12\/DSC05271-1-678x1024.jpeg 678w, https:\/\/egn-nino-erforschen.de\/wp-content\/uploads\/2024\/12\/DSC05271-1-199x300.jpeg 199w, https:\/\/egn-nino-erforschen.de\/wp-content\/uploads\/2024\/12\/DSC05271-1-768x1160.jpeg 768w, https:\/\/egn-nino-erforschen.de\/wp-content\/uploads\/2024\/12\/DSC05271-1-1017x1536.jpeg 1017w, https:\/\/egn-nino-erforschen.de\/wp-content\/uploads\/2024\/12\/DSC05271-1-1356x2048.jpeg 1356w, https:\/\/egn-nino-erforschen.de\/wp-content\/uploads\/2024\/12\/DSC05271-1-scaled.jpeg 1695w\" sizes=\"auto, (max-width: 678px) 100vw, 678px\" \/><\/figure><div class=\"wp-block-media-text__content\">\n<p class=\"has-text-align-center has-large-font-size\">Enya Mersmann <\/p>\n\n\n\n<p class=\"has-text-align-center\">Aufgaben: Modellierung des Hochbaus, der Fassade und der Shedd\u00e4cher, Durchf\u00fchrung von Interviews <\/p>\n<\/div><\/div>\n\n\n\n<hr class=\"wp-block-separator has-alpha-channel-opacity is-style-wide\"\/>\n\n\n\n<div class=\"wp-block-media-text has-media-on-the-right is-stacked-on-mobile\" style=\"grid-template-columns:auto 35%\"><div class=\"wp-block-media-text__content\">\n<p class=\"has-text-align-center has-large-font-size\">Emelie Vischer <\/p>\n\n\n\n<p class=\"has-text-align-center\">Aufgaben: Modellierung der Shedd\u00e4cher und kleineren Geb\u00e4uden, Videoschnitt, Durchf\u00fchrung von Interviews <\/p>\n<\/div><figure class=\"wp-block-media-text__media\"><img loading=\"lazy\" decoding=\"async\" width=\"720\" height=\"1024\" src=\"https:\/\/egn-nino-erforschen.de\/wp-content\/uploads\/2024\/12\/Emelie-1-720x1024.jpeg\" alt=\"\" class=\"wp-image-397 size-full\" srcset=\"https:\/\/egn-nino-erforschen.de\/wp-content\/uploads\/2024\/12\/Emelie-1-720x1024.jpeg 720w, https:\/\/egn-nino-erforschen.de\/wp-content\/uploads\/2024\/12\/Emelie-1-211x300.jpeg 211w, https:\/\/egn-nino-erforschen.de\/wp-content\/uploads\/2024\/12\/Emelie-1-768x1092.jpeg 768w, https:\/\/egn-nino-erforschen.de\/wp-content\/uploads\/2024\/12\/Emelie-1-1080x1536.jpeg 1080w, https:\/\/egn-nino-erforschen.de\/wp-content\/uploads\/2024\/12\/Emelie-1-1440x2048.jpeg 1440w, https:\/\/egn-nino-erforschen.de\/wp-content\/uploads\/2024\/12\/Emelie-1-scaled.jpeg 1800w\" sizes=\"auto, (max-width: 720px) 100vw, 720px\" \/><\/figure><\/div>\n\n\n\n<hr class=\"wp-block-separator has-alpha-channel-opacity is-style-wide\"\/>\n\n\n\n<p><\/p>\n","protected":false},"excerpt":{"rendered":"<p>Klaus Berkenheide Aufgaben: Technik, Wartung der Drucker, Realisierung der Eisenbahn, Videoschnitt Jonas Brink Aufgaben: Videoschnitt, Technik, Durchf\u00fchrung von Interviews Mena Friebe Aufgaben: Modellierung der Alten Verwaltung, des Rohgewebelagers, des Kesselhauses und der Fassaden, Planung der Dokumentation, Videoschnitt, Durchf\u00fchrung von Interviews Emma Holboer Aufgaben: Modellierung des Hochbaus, der Alten Verwaltung, des Rohgewebelagers, des Kesselhauses und der [&hellip;]<\/p>\n","protected":false},"author":4,"featured_media":0,"parent":0,"menu_order":0,"comment_status":"closed","ping_status":"closed","template":"","meta":{"footnotes":""},"class_list":["post-383","page","type-page","status-publish","hentry"],"_links":{"self":[{"href":"https:\/\/egn-nino-erforschen.de\/index.php?rest_route=\/wp\/v2\/pages\/383","targetHints":{"allow":["GET"]}}],"collection":[{"href":"https:\/\/egn-nino-erforschen.de\/index.php?rest_route=\/wp\/v2\/pages"}],"about":[{"href":"https:\/\/egn-nino-erforschen.de\/index.php?rest_route=\/wp\/v2\/types\/page"}],"author":[{"embeddable":true,"href":"https:\/\/egn-nino-erforschen.de\/index.php?rest_route=\/wp\/v2\/users\/4"}],"replies":[{"embeddable":true,"href":"https:\/\/egn-nino-erforschen.de\/index.php?rest_route=%2Fwp%2Fv2%2Fcomments&post=383"}],"version-history":[{"count":8,"href":"https:\/\/egn-nino-erforschen.de\/index.php?rest_route=\/wp\/v2\/pages\/383\/revisions"}],"predecessor-version":[{"id":415,"href":"https:\/\/egn-nino-erforschen.de\/index.php?rest_route=\/wp\/v2\/pages\/383\/revisions\/415"}],"wp:attachment":[{"href":"https:\/\/egn-nino-erforschen.de\/index.php?rest_route=%2Fwp%2Fv2%2Fmedia&parent=383"}],"curies":[{"name":"wp","href":"https:\/\/api.w.org\/{rel}","templated":true}]}}