{"id":36,"date":"2024-05-27T06:49:56","date_gmt":"2024-05-27T06:49:56","guid":{"rendered":"https:\/\/egn-nino-erforschen.de\/?page_id=36"},"modified":"2025-03-15T10:16:17","modified_gmt":"2025-03-15T10:16:17","slug":"startseite","status":"publish","type":"page","link":"https:\/\/egn-nino-erforschen.de\/","title":{"rendered":""},"content":{"rendered":"\n<div class=\"wp-block-columns alignwide is-layout-flex wp-container-core-columns-is-layout-28f84493 wp-block-columns-is-layout-flex\">\n<div class=\"wp-block-column is-layout-flow wp-block-column-is-layout-flow\">\n<h3 class=\"wp-block-heading has-text-align-center has-x-large-font-size\" id=\"pigeon\"><em>Modell<\/em><\/h3>\n\n\n\n<p class=\"has-text-align-center\">Um das NINO Gel\u00e4nde aus den 70er Jahren visuell zug\u00e4nglich zu gestalten, haben wir uns der Erstellung eines 3D-Modells gewidmet. Anhand von Pl\u00e4nen haben wir Ma\u00dfe berechnet und Geb\u00e4ude in einem Modellierprogramm, Tinkercad, modelliert. Anschlie\u00dfend wurden die Modelle gedruckt und auf eine Platte geklebt. <\/p>\n\n\n\n<div class=\"wp-block-buttons is-layout-flex wp-block-buttons-is-layout-flex\">\n<div class=\"wp-block-button has-custom-width wp-block-button__width-100\"><a class=\"wp-block-button__link has-foreground-background-color has-background wp-element-button\" href=\"https:\/\/egn-nino-erforschen.de\/?page_id=75\">Modellbau<\/a><\/div>\n<\/div>\n\n\n\n<div style=\"height:16px\" aria-hidden=\"true\" class=\"wp-block-spacer\"><\/div>\n<\/div>\n\n\n\n<div class=\"wp-block-column is-layout-flow wp-block-column-is-layout-flow\">\n<h3 class=\"wp-block-heading has-text-align-center has-x-large-font-size\" id=\"sparrow\"><meta charset=\"utf-8\"><\/meta><em>Zeitzeug*inneninterviews<\/em><\/h3>\n\n\n\n<p class=\"has-text-align-center\">Hier k\u00f6nnen Sie unsere Zeitzeug*inneninterviews finden. \u00dcber die letzten Jahre haben uns ehemalige Mitarbeiter*innen, welche bei NINO in den verschiedensten Bereichen gearbeitet haben, ihre Geschichten erz\u00e4hlt. Diese sammeln wir, um Zeitgeschichte zu speichern und um diese Interviews dann \u00f6ffentlich zug\u00e4nglich zu machen. <\/p>\n\n\n\n<div class=\"wp-block-buttons is-layout-flex wp-block-buttons-is-layout-flex\">\n<div class=\"wp-block-button has-custom-width wp-block-button__width-100\"><a class=\"wp-block-button__link has-foreground-background-color has-background wp-element-button\" href=\"https:\/\/egn-nino-erforschen.de\/?page_id=91\">Videos <\/a><\/div>\n<\/div>\n\n\n\n<div style=\"height:16px\" aria-hidden=\"true\" class=\"wp-block-spacer\"><\/div>\n<\/div>\n<\/div>\n\n\n\n<figure class=\"wp-block-image alignfull size-large\"><img loading=\"lazy\" decoding=\"async\" width=\"1024\" height=\"219\" src=\"https:\/\/egn-nino-erforschen.de\/wp-content\/uploads\/2024\/05\/Haeuser-e1716798015323-1024x219.jpeg\" alt=\"\" class=\"wp-image-44\" srcset=\"https:\/\/egn-nino-erforschen.de\/wp-content\/uploads\/2024\/05\/Haeuser-e1716798015323-1024x219.jpeg 1024w, https:\/\/egn-nino-erforschen.de\/wp-content\/uploads\/2024\/05\/Haeuser-e1716798015323-300x64.jpeg 300w, https:\/\/egn-nino-erforschen.de\/wp-content\/uploads\/2024\/05\/Haeuser-e1716798015323-768x164.jpeg 768w, https:\/\/egn-nino-erforschen.de\/wp-content\/uploads\/2024\/05\/Haeuser-e1716798015323-1536x328.jpeg 1536w, https:\/\/egn-nino-erforschen.de\/wp-content\/uploads\/2024\/05\/Haeuser-e1716798015323-2048x438.jpeg 2048w\" sizes=\"auto, (max-width: 1024px) 100vw, 1024px\" \/><\/figure>\n\n\n\n<p><\/p>\n","protected":false},"excerpt":{"rendered":"<p>Modell Um das NINO Gel\u00e4nde aus den 70er Jahren visuell zug\u00e4nglich zu gestalten, haben wir uns der Erstellung eines 3D-Modells gewidmet. Anhand von Pl\u00e4nen haben wir Ma\u00dfe berechnet und Geb\u00e4ude in einem Modellierprogramm, Tinkercad, modelliert. Anschlie\u00dfend wurden die Modelle gedruckt und auf eine Platte geklebt. Zeitzeug*inneninterviews Hier k\u00f6nnen Sie unsere Zeitzeug*inneninterviews finden. \u00dcber die letzten [&hellip;]<\/p>\n","protected":false},"author":2,"featured_media":0,"parent":0,"menu_order":0,"comment_status":"closed","ping_status":"closed","template":"","meta":{"footnotes":""},"class_list":["post-36","page","type-page","status-publish","hentry"],"_links":{"self":[{"href":"https:\/\/egn-nino-erforschen.de\/index.php?rest_route=\/wp\/v2\/pages\/36","targetHints":{"allow":["GET"]}}],"collection":[{"href":"https:\/\/egn-nino-erforschen.de\/index.php?rest_route=\/wp\/v2\/pages"}],"about":[{"href":"https:\/\/egn-nino-erforschen.de\/index.php?rest_route=\/wp\/v2\/types\/page"}],"author":[{"embeddable":true,"href":"https:\/\/egn-nino-erforschen.de\/index.php?rest_route=\/wp\/v2\/users\/2"}],"replies":[{"embeddable":true,"href":"https:\/\/egn-nino-erforschen.de\/index.php?rest_route=%2Fwp%2Fv2%2Fcomments&post=36"}],"version-history":[{"count":11,"href":"https:\/\/egn-nino-erforschen.de\/index.php?rest_route=\/wp\/v2\/pages\/36\/revisions"}],"predecessor-version":[{"id":419,"href":"https:\/\/egn-nino-erforschen.de\/index.php?rest_route=\/wp\/v2\/pages\/36\/revisions\/419"}],"wp:attachment":[{"href":"https:\/\/egn-nino-erforschen.de\/index.php?rest_route=%2Fwp%2Fv2%2Fmedia&parent=36"}],"curies":[{"name":"wp","href":"https:\/\/api.w.org\/{rel}","templated":true}]}}